{"id":38,"date":"2025-02-06T15:25:38","date_gmt":"2025-02-06T15:25:38","guid":{"rendered":"https:\/\/max-discus-dream.de\/coordonnees\/"},"modified":"2025-02-06T15:25:38","modified_gmt":"2025-02-06T15:25:38","slug":"coordonnees","status":"publish","type":"page","link":"https:\/\/max-discus-dream.de\/ro\/coordonnees\/","title":{"rendered":"Date de contact"},"content":{"rendered":"<p>Ave\u021bi \u00eentreb\u0103ri despre produsele noastre sau dori\u021bi s\u0103 afla\u021bi mai multe despre crea\u021biile noastre vestimentare? Suntem disponibili s\u0103 v\u0103 ajut\u0103m. Pur \u0219i simplu completa\u021bi formularul de mai jos, iar echipa noastr\u0103 v\u0103 va r\u0103spunde cu pl\u0103cere c\u00e2t mai cur\u00e2nd posibil.<\/p>\n<h2>Trimite\u021bi-ne mesajul dumneavoastr\u0103<\/h2>\n<p>Pentru a adresa o \u00eentrebare sau a ne oferi o sugestie, v\u0103 rug\u0103m s\u0103 folosi\u021bi formularul de mai jos. Promitem s\u0103 r\u0103spundem rapid tuturor solicit\u0103rilor dumneavoastr\u0103!<\/p>\n<form action=\"mailto:contact@max-discus-dream.de\" method=\"POST\" enctype=\"text\/plain\" data-trp-original-action=\"mailto:contact@max-discus-dream.de\">\n      <label for=\"name\">Nume:<\/label><br \/>\n      <input type=\"text\" id=\"name\" name=\"name\" required><\/p>\n<p>      <label for=\"email\">Adresa de e-mail:<\/label><br \/>\n      <input type=\"email\" id=\"email\" name=\"email\" required><\/p>\n<p>      <label for=\"message\">Mesajul dvs:<\/label><br \/>\n      <textarea id=\"message\" name=\"message\" rows=\"4\" cols=\"50\" required><\/textarea><\/p>\n<p>      <button type=\"submit\">Trimite<\/button><br \/>\n    <input type=\"hidden\" name=\"trp-form-language\" value=\"ro\"\/><\/form>","protected":false},"excerpt":{"rendered":"<p>Ave\u021bi \u00eentreb\u0103ri despre produsele noastre sau dori\u021bi s\u0103 afla\u021bi mai multe despre crea\u021biile noastre vestimentare? Suntem disponibili s\u0103 v\u0103 ajut\u0103m. Pur \u0219i simplu completa\u021bi...<\/p>","protected":false},"author":1,"featured_media":0,"parent":0,"menu_order":0,"comment_status":"closed","ping_status":"closed","template":"","meta":{"_acf_changed":false,"footnotes":""},"class_list":["post-38","page","type-page","status-publish","hentry"],"acf":[],"yoast_head":"<!-- This site is optimized with the Yoast SEO plugin v23.2 - https:\/\/yoast.com\/wordpress\/plugins\/seo\/ -->\n<title>Coordonn\u00e9es - max-discus-dream.de<\/title>\n<meta name=\"robots\" content=\"index, follow, max-snippet:-1, max-image-preview:large, max-video-preview:-1\" \/>\n<link rel=\"canonical\" href=\"https:\/\/max-discus-dream.de\/ro\/coordonnees\/\" \/>\n<meta property=\"og:locale\" content=\"ro_RO\" \/>\n<meta property=\"og:type\" content=\"article\" \/>\n<meta property=\"og:title\" content=\"Coordonn\u00e9es - max-discus-dream.de\" \/>\n<meta property=\"og:description\" content=\"Vous avez des questions sur nos produits ou souhaitez en savoir plus sur nos cr\u00e9ations de mode? Nous sommes disponibles pour vous aider. Remplissez simplement le&#046;&#046;&#046;\" \/>\n<meta property=\"og:url\" content=\"https:\/\/max-discus-dream.de\/ro\/coordonnees\/\" \/>\n<meta property=\"og:site_name\" content=\"max-discus-dream.de\" \/>\n<meta name=\"twitter:card\" content=\"summary_large_image\" \/>\n<script type=\"application\/ld+json\" class=\"yoast-schema-graph\">{\"@context\":\"https:\/\/schema.org\",\"@graph\":[{\"@type\":\"WebPage\",\"@id\":\"https:\/\/max-discus-dream.de\/coordonnees\/\",\"url\":\"https:\/\/max-discus-dream.de\/coordonnees\/\",\"name\":\"Coordonn\u00e9es - max-discus-dream.de\",\"isPartOf\":{\"@id\":\"https:\/\/max-discus-dream.de\/#website\"},\"datePublished\":\"2025-02-06T15:25:38+00:00\",\"dateModified\":\"2025-02-06T15:25:38+00:00\",\"breadcrumb\":{\"@id\":\"https:\/\/max-discus-dream.de\/coordonnees\/#breadcrumb\"},\"inLanguage\":\"ro-RO\",\"potentialAction\":[{\"@type\":\"ReadAction\",\"target\":[\"https:\/\/max-discus-dream.de\/coordonnees\/\"]}]},{\"@type\":\"BreadcrumbList\",\"@id\":\"https:\/\/max-discus-dream.de\/coordonnees\/#breadcrumb\",\"itemListElement\":[{\"@type\":\"ListItem\",\"position\":1,\"name\":\"Home\",\"item\":\"https:\/\/max-discus-dream.de\/\"},{\"@type\":\"ListItem\",\"position\":2,\"name\":\"Coordonn\u00e9es\"}]},{\"@type\":\"WebSite\",\"@id\":\"https:\/\/max-discus-dream.de\/#website\",\"url\":\"https:\/\/max-discus-dream.de\/\",\"name\":\"max-discus-dream.de\",\"description\":\"Habillez-vous avec go\u00fbt gr\u00e2ce \u00e0 nos recommandations tendance\",\"potentialAction\":[{\"@type\":\"SearchAction\",\"target\":{\"@type\":\"EntryPoint\",\"urlTemplate\":\"https:\/\/max-discus-dream.de\/?s={search_term_string}\"},\"query-input\":\"required name=search_term_string\"}],\"inLanguage\":\"ro-RO\"}]}<\/script>\n<!-- \/ Yoast SEO plugin. -->","yoast_head_json":{"title":"Coordonn\u00e9es - max-discus-dream.de","robots":{"index":"index","follow":"follow","max-snippet":"max-snippet:-1","max-image-preview":"max-image-preview:large","max-video-preview":"max-video-preview:-1"},"canonical":"https:\/\/max-discus-dream.de\/ro\/coordonnees\/","og_locale":"ro_RO","og_type":"article","og_title":"Coordonn\u00e9es - max-discus-dream.de","og_description":"Vous avez des questions sur nos produits ou souhaitez en savoir plus sur nos cr\u00e9ations de mode? Nous sommes disponibles pour vous aider. Remplissez simplement le&#46;&#46;&#46;","og_url":"https:\/\/max-discus-dream.de\/ro\/coordonnees\/","og_site_name":"max-discus-dream.de","twitter_card":"summary_large_image","schema":{"@context":"https:\/\/schema.org","@graph":[{"@type":"WebPage","@id":"https:\/\/max-discus-dream.de\/coordonnees\/","url":"https:\/\/max-discus-dream.de\/coordonnees\/","name":"Coordonn\u00e9es - max-discus-dream.de","isPartOf":{"@id":"https:\/\/max-discus-dream.de\/#website"},"datePublished":"2025-02-06T15:25:38+00:00","dateModified":"2025-02-06T15:25:38+00:00","breadcrumb":{"@id":"https:\/\/max-discus-dream.de\/coordonnees\/#breadcrumb"},"inLanguage":"ro-RO","potentialAction":[{"@type":"ReadAction","target":["https:\/\/max-discus-dream.de\/coordonnees\/"]}]},{"@type":"BreadcrumbList","@id":"https:\/\/max-discus-dream.de\/coordonnees\/#breadcrumb","itemListElement":[{"@type":"ListItem","position":1,"name":"Home","item":"https:\/\/max-discus-dream.de\/"},{"@type":"ListItem","position":2,"name":"Coordonn\u00e9es"}]},{"@type":"WebSite","@id":"https:\/\/max-discus-dream.de\/#website","url":"https:\/\/max-discus-dream.de\/","name":"max-discus-dream.de","description":"Habillez-vous avec go\u00fbt gr\u00e2ce \u00e0 nos recommandations tendance","potentialAction":[{"@type":"SearchAction","target":{"@type":"EntryPoint","urlTemplate":"https:\/\/max-discus-dream.de\/?s={search_term_string}"},"query-input":"required name=search_term_string"}],"inLanguage":"ro-RO"}]}},"yoast_meta":{"yoast_wpseo_title":"","yoast_wpseo_metadesc":"","yoast_wpseo_canonical":"https:\/\/max-discus-dream.de\/ro\/wp-json\/wp\/v2\/pages\/38"},"_links":{"self":[{"href":"https:\/\/max-discus-dream.de\/ro\/wp-json\/wp\/v2\/pages\/38","targetHints":{"allow":["GET"]}}],"collection":[{"href":"https:\/\/max-discus-dream.de\/ro\/wp-json\/wp\/v2\/pages"}],"about":[{"href":"https:\/\/max-discus-dream.de\/ro\/wp-json\/wp\/v2\/types\/page"}],"author":[{"embeddable":true,"href":"https:\/\/max-discus-dream.de\/ro\/wp-json\/wp\/v2\/users\/1"}],"replies":[{"embeddable":true,"href":"https:\/\/max-discus-dream.de\/ro\/wp-json\/wp\/v2\/comments?post=38"}],"version-history":[{"count":0,"href":"https:\/\/max-discus-dream.de\/ro\/wp-json\/wp\/v2\/pages\/38\/revisions"}],"wp:attachment":[{"href":"https:\/\/max-discus-dream.de\/ro\/wp-json\/wp\/v2\/media?parent=38"}],"curies":[{"name":"wp","href":"https:\/\/api.w.org\/{rel}","templated":true}]}}