{"id":37,"date":"2025-02-06T15:25:37","date_gmt":"2025-02-06T15:25:37","guid":{"rendered":"https:\/\/max-discus-dream.de\/a-propos-de-nous\/"},"modified":"2025-02-06T20:40:17","modified_gmt":"2025-02-06T20:40:17","slug":"a-propos-de-nous","status":"publish","type":"page","link":"https:\/\/max-discus-dream.de\/ro\/a-propos-de-nous\/","title":{"rendered":"Despre noi"},"content":{"rendered":"<p>Fiecare \u021binut\u0103 este o declara\u021bie, fiecare stil este o semn\u0103tur\u0103. Blogul nostru este dedicat lumii modei \u0219i \u00eembr\u0103c\u0103mintei, unde analiz\u0103m tendin\u021bele, \u00eemp\u0103rt\u0103\u0219im sfaturi \u0219i explor\u0103m inspira\u021biile care modeleaz\u0103 lumea stilului.<\/p>\n<p><img loading=\"lazy\" decoding=\"async\" class=\"aligncenter wp-image-36 size-full\" src=\"https:\/\/max-discus-dream.de\/wp-content\/uploads\/2025\/02\/molodaya-zhenshhina-v-belom-osennem-palto.jpg\" alt=\"\" width=\"612\" height=\"406\" srcset=\"https:\/\/max-discus-dream.de\/wp-content\/uploads\/2025\/02\/molodaya-zhenshhina-v-belom-osennem-palto.jpg 612w, https:\/\/max-discus-dream.de\/wp-content\/uploads\/2025\/02\/molodaya-zhenshhina-v-belom-osennem-palto-300x199.jpg 300w, https:\/\/max-discus-dream.de\/wp-content\/uploads\/2025\/02\/molodaya-zhenshhina-v-belom-osennem-palto-90x60.jpg 90w\" sizes=\"auto, (max-width: 612px) 100vw, 612px\" \/><\/p>\n<h2>Ce ve\u021bi g\u0103si aici<\/h2>\n<ul>\n<li>Descifrarea tendin\u021belor modei sezoniere<\/li>\n<li>Sfaturi pentru combinarea pieselor \u0219i crearea unui aspect unic<\/li>\n<li>Anatomia materialelor \u0219i t\u0103ieturile esen\u021biale<\/li>\n<li>Portrete ale unor designeri \u0219i branduri influente<\/li>\n<li>Idei \u0219i inspira\u021bii pentru toate ocaziile<\/li>\n<\/ul>\n<h2>Un spa\u021biu pentru a-\u021bi reinventa stilul<\/h2>\n<p>Indiferent dac\u0103 e\u0219ti pasionat de mod\u0103 sau pur \u0219i simplu cau\u021bi inspira\u021bie, blogul nostru este o surs\u0103 esen\u021bial\u0103 pentru afirmarea identit\u0103\u021bii tale vestimentare \u0219i adoptarea tendin\u021belor care \u021bi se potrivesc.<\/p>","protected":false},"excerpt":{"rendered":"<p>Fiecare \u021binut\u0103 este o declara\u021bie, fiecare stil este o semn\u0103tur\u0103. Blogul nostru este dedicat lumii modei \u0219i a \u00eembr\u0103c\u0103mintei, unde analiz\u0103m...<\/p>","protected":false},"author":1,"featured_media":0,"parent":0,"menu_order":0,"comment_status":"closed","ping_status":"closed","template":"","meta":{"_acf_changed":false,"footnotes":""},"class_list":["post-37","page","type-page","status-publish","hentry"],"acf":[],"yoast_head":"<!-- This site is optimized with the Yoast SEO plugin v23.2 - https:\/\/yoast.com\/wordpress\/plugins\/seo\/ -->\n<title>\u00c0 propos de nous - max-discus-dream.de<\/title>\n<meta name=\"description\" content=\"D\u00e9couvrez les derni\u00e8res tendances mode, des conseils de style et des analyses pour affirmer votre look avec \u00e9l\u00e9gance et originalit\u00e9.\" \/>\n<meta name=\"robots\" content=\"index, follow, max-snippet:-1, max-image-preview:large, max-video-preview:-1\" \/>\n<link rel=\"canonical\" href=\"https:\/\/max-discus-dream.de\/ro\/a-propos-de-nous\/\" \/>\n<meta property=\"og:locale\" content=\"ro_RO\" \/>\n<meta property=\"og:type\" content=\"article\" \/>\n<meta property=\"og:title\" content=\"\u00c0 propos de nous - max-discus-dream.de\" \/>\n<meta property=\"og:description\" content=\"D\u00e9couvrez les derni\u00e8res tendances mode, des conseils de style et des analyses pour affirmer votre look avec \u00e9l\u00e9gance et originalit\u00e9.\" \/>\n<meta property=\"og:url\" content=\"https:\/\/max-discus-dream.de\/ro\/a-propos-de-nous\/\" \/>\n<meta property=\"og:site_name\" content=\"max-discus-dream.de\" \/>\n<meta property=\"article:modified_time\" content=\"2025-02-06T20:40:17+00:00\" \/>\n<meta property=\"og:image\" content=\"https:\/\/max-discus-dream.de\/wp-content\/uploads\/2025\/02\/molodaya-zhenshhina-v-belom-osennem-palto.jpg\" \/>\n<meta name=\"twitter:card\" content=\"summary_large_image\" \/>\n<meta name=\"twitter:label1\" content=\"Timp estimat pentru citire\" \/>\n\t<meta name=\"twitter:data1\" content=\"1 minut\" \/>\n<script type=\"application\/ld+json\" class=\"yoast-schema-graph\">{\"@context\":\"https:\/\/schema.org\",\"@graph\":[{\"@type\":\"WebPage\",\"@id\":\"https:\/\/max-discus-dream.de\/a-propos-de-nous\/\",\"url\":\"https:\/\/max-discus-dream.de\/a-propos-de-nous\/\",\"name\":\"\u00c0 propos de nous - max-discus-dream.de\",\"isPartOf\":{\"@id\":\"https:\/\/max-discus-dream.de\/#website\"},\"primaryImageOfPage\":{\"@id\":\"https:\/\/max-discus-dream.de\/a-propos-de-nous\/#primaryimage\"},\"image\":{\"@id\":\"https:\/\/max-discus-dream.de\/a-propos-de-nous\/#primaryimage\"},\"thumbnailUrl\":\"https:\/\/max-discus-dream.de\/wp-content\/uploads\/2025\/02\/molodaya-zhenshhina-v-belom-osennem-palto.jpg\",\"datePublished\":\"2025-02-06T15:25:37+00:00\",\"dateModified\":\"2025-02-06T20:40:17+00:00\",\"description\":\"D\u00e9couvrez les derni\u00e8res tendances mode, des conseils de style et des analyses pour affirmer votre look avec \u00e9l\u00e9gance et originalit\u00e9.\",\"breadcrumb\":{\"@id\":\"https:\/\/max-discus-dream.de\/a-propos-de-nous\/#breadcrumb\"},\"inLanguage\":\"ro-RO\",\"potentialAction\":[{\"@type\":\"ReadAction\",\"target\":[\"https:\/\/max-discus-dream.de\/a-propos-de-nous\/\"]}]},{\"@type\":\"ImageObject\",\"inLanguage\":\"ro-RO\",\"@id\":\"https:\/\/max-discus-dream.de\/a-propos-de-nous\/#primaryimage\",\"url\":\"https:\/\/max-discus-dream.de\/wp-content\/uploads\/2025\/02\/molodaya-zhenshhina-v-belom-osennem-palto.jpg\",\"contentUrl\":\"https:\/\/max-discus-dream.de\/wp-content\/uploads\/2025\/02\/molodaya-zhenshhina-v-belom-osennem-palto.jpg\"},{\"@type\":\"BreadcrumbList\",\"@id\":\"https:\/\/max-discus-dream.de\/a-propos-de-nous\/#breadcrumb\",\"itemListElement\":[{\"@type\":\"ListItem\",\"position\":1,\"name\":\"Home\",\"item\":\"https:\/\/max-discus-dream.de\/\"},{\"@type\":\"ListItem\",\"position\":2,\"name\":\"\u00c0 propos de nous\"}]},{\"@type\":\"WebSite\",\"@id\":\"https:\/\/max-discus-dream.de\/#website\",\"url\":\"https:\/\/max-discus-dream.de\/\",\"name\":\"max-discus-dream.de\",\"description\":\"Habillez-vous avec go\u00fbt gr\u00e2ce \u00e0 nos recommandations tendance\",\"potentialAction\":[{\"@type\":\"SearchAction\",\"target\":{\"@type\":\"EntryPoint\",\"urlTemplate\":\"https:\/\/max-discus-dream.de\/?s={search_term_string}\"},\"query-input\":\"required name=search_term_string\"}],\"inLanguage\":\"ro-RO\"}]}<\/script>\n<!-- \/ Yoast SEO plugin. -->","yoast_head_json":{"title":"\u00c0 propos de nous - max-discus-dream.de","description":"D\u00e9couvrez les derni\u00e8res tendances mode, des conseils de style et des analyses pour affirmer votre look avec \u00e9l\u00e9gance et originalit\u00e9.","robots":{"index":"index","follow":"follow","max-snippet":"max-snippet:-1","max-image-preview":"max-image-preview:large","max-video-preview":"max-video-preview:-1"},"canonical":"https:\/\/max-discus-dream.de\/ro\/a-propos-de-nous\/","og_locale":"ro_RO","og_type":"article","og_title":"\u00c0 propos de nous - max-discus-dream.de","og_description":"D\u00e9couvrez les derni\u00e8res tendances mode, des conseils de style et des analyses pour affirmer votre look avec \u00e9l\u00e9gance et originalit\u00e9.","og_url":"https:\/\/max-discus-dream.de\/ro\/a-propos-de-nous\/","og_site_name":"max-discus-dream.de","article_modified_time":"2025-02-06T20:40:17+00:00","og_image":[{"url":"https:\/\/max-discus-dream.de\/wp-content\/uploads\/2025\/02\/molodaya-zhenshhina-v-belom-osennem-palto.jpg"}],"twitter_card":"summary_large_image","twitter_misc":{"Timp estimat pentru citire":"1 minut"},"schema":{"@context":"https:\/\/schema.org","@graph":[{"@type":"WebPage","@id":"https:\/\/max-discus-dream.de\/a-propos-de-nous\/","url":"https:\/\/max-discus-dream.de\/a-propos-de-nous\/","name":"\u00c0 propos de nous - max-discus-dream.de","isPartOf":{"@id":"https:\/\/max-discus-dream.de\/#website"},"primaryImageOfPage":{"@id":"https:\/\/max-discus-dream.de\/a-propos-de-nous\/#primaryimage"},"image":{"@id":"https:\/\/max-discus-dream.de\/a-propos-de-nous\/#primaryimage"},"thumbnailUrl":"https:\/\/max-discus-dream.de\/wp-content\/uploads\/2025\/02\/molodaya-zhenshhina-v-belom-osennem-palto.jpg","datePublished":"2025-02-06T15:25:37+00:00","dateModified":"2025-02-06T20:40:17+00:00","description":"D\u00e9couvrez les derni\u00e8res tendances mode, des conseils de style et des analyses pour affirmer votre look avec \u00e9l\u00e9gance et originalit\u00e9.","breadcrumb":{"@id":"https:\/\/max-discus-dream.de\/a-propos-de-nous\/#breadcrumb"},"inLanguage":"ro-RO","potentialAction":[{"@type":"ReadAction","target":["https:\/\/max-discus-dream.de\/a-propos-de-nous\/"]}]},{"@type":"ImageObject","inLanguage":"ro-RO","@id":"https:\/\/max-discus-dream.de\/a-propos-de-nous\/#primaryimage","url":"https:\/\/max-discus-dream.de\/wp-content\/uploads\/2025\/02\/molodaya-zhenshhina-v-belom-osennem-palto.jpg","contentUrl":"https:\/\/max-discus-dream.de\/wp-content\/uploads\/2025\/02\/molodaya-zhenshhina-v-belom-osennem-palto.jpg"},{"@type":"BreadcrumbList","@id":"https:\/\/max-discus-dream.de\/a-propos-de-nous\/#breadcrumb","itemListElement":[{"@type":"ListItem","position":1,"name":"Home","item":"https:\/\/max-discus-dream.de\/"},{"@type":"ListItem","position":2,"name":"\u00c0 propos de nous"}]},{"@type":"WebSite","@id":"https:\/\/max-discus-dream.de\/#website","url":"https:\/\/max-discus-dream.de\/","name":"max-discus-dream.de","description":"Habillez-vous avec go\u00fbt gr\u00e2ce \u00e0 nos recommandations tendance","potentialAction":[{"@type":"SearchAction","target":{"@type":"EntryPoint","urlTemplate":"https:\/\/max-discus-dream.de\/?s={search_term_string}"},"query-input":"required name=search_term_string"}],"inLanguage":"ro-RO"}]}},"yoast_meta":{"yoast_wpseo_title":"","yoast_wpseo_metadesc":"","yoast_wpseo_canonical":"https:\/\/max-discus-dream.de\/ro\/wp-json\/wp\/v2\/pages\/37"},"_links":{"self":[{"href":"https:\/\/max-discus-dream.de\/ro\/wp-json\/wp\/v2\/pages\/37","targetHints":{"allow":["GET"]}}],"collection":[{"href":"https:\/\/max-discus-dream.de\/ro\/wp-json\/wp\/v2\/pages"}],"about":[{"href":"https:\/\/max-discus-dream.de\/ro\/wp-json\/wp\/v2\/types\/page"}],"author":[{"embeddable":true,"href":"https:\/\/max-discus-dream.de\/ro\/wp-json\/wp\/v2\/users\/1"}],"replies":[{"embeddable":true,"href":"https:\/\/max-discus-dream.de\/ro\/wp-json\/wp\/v2\/comments?post=37"}],"version-history":[{"count":1,"href":"https:\/\/max-discus-dream.de\/ro\/wp-json\/wp\/v2\/pages\/37\/revisions"}],"predecessor-version":[{"id":60,"href":"https:\/\/max-discus-dream.de\/ro\/wp-json\/wp\/v2\/pages\/37\/revisions\/60"}],"wp:attachment":[{"href":"https:\/\/max-discus-dream.de\/ro\/wp-json\/wp\/v2\/media?parent=37"}],"curies":[{"name":"wp","href":"https:\/\/api.w.org\/{rel}","templated":true}]}}